{"id":485,"date":"2024-08-21T15:51:13","date_gmt":"2024-08-21T13:51:13","guid":{"rendered":"https:\/\/elma-food.eu\/?page_id=485"},"modified":"2024-10-23T15:02:21","modified_gmt":"2024-10-23T13:02:21","slug":"frites-9-9","status":"publish","type":"page","link":"https:\/\/elma-food.eu\/index.php\/frites-9-9\/","title":{"rendered":"Frites 9\/9"},"content":{"rendered":"<p>[et_pb_section fb_built=\u00a0\u00bb1&Prime; admin_label=\u00a0\u00bbHeader\u00a0\u00bb _builder_version=\u00a0\u00bb4.27.0&Prime; _module_preset=\u00a0\u00bbdefault\u00a0\u00bb use_background_color_gradient=\u00a0\u00bbon\u00a0\u00bb background_color_gradient_stops=\u00a0\u00bbrgba(0,0,0,0.7) 0%|rgba(0,0,0,0.7) 100%\u00a0\u00bb background_color_gradient_overlays_image=\u00a0\u00bbon\u00a0\u00bb background_image=\u00a0\u00bbhttp:\/\/elma-food.eu\/wp-content\/uploads\/2024\/08\/french-fries-scaled.jpg\u00a0\u00bb collapsed=\u00a0\u00bbon\u00a0\u00bb global_colors_info=\u00a0\u00bb{}\u00a0\u00bb][et_pb_row _builder_version=\u00a0\u00bb4.24.2&Prime; _module_preset=\u00a0\u00bbdefault\u00a0\u00bb max_width=\u00a0\u00bb800px\u00a0\u00bb global_colors_info=\u00a0\u00bb{}\u00a0\u00bb][et_pb_column type=\u00a0\u00bb4_4&Prime; _builder_version=\u00a0\u00bb4.23.2&Prime; _module_preset=\u00a0\u00bbdefault\u00a0\u00bb global_colors_info=\u00a0\u00bb{}\u00a0\u00bb][et_pb_text _builder_version=\u00a0\u00bb4.23.2&Prime; _module_preset=\u00a0\u00bbe3427238-c36c-45fa-9e64-b5ef902f322c\u00a0\u00bb header_text_color=\u00a0\u00bb#FFFFFF\u00a0\u00bb text_orientation=\u00a0\u00bbcenter\u00a0\u00bb custom_margin=\u00a0\u00bb||10px||false|false\u00a0\u00bb global_colors_info=\u00a0\u00bb{}\u00a0\u00bb]<\/p>\n<h1><\/h1>\n<h1><\/h1>\n<h1><\/h1>\n<h1><\/h1>\n<h1><\/h1>\n<h1><\/h1>\n<h1>Frites 9\/9<\/h1>\n<p>[\/et_pb_text][\/et_pb_column][\/et_pb_row][\/et_pb_section][et_pb_section fb_built=\u00a0\u00bb1&Prime; _builder_version=\u00a0\u00bb4.27.0&Prime; _module_preset=\u00a0\u00bbdefault\u00a0\u00bb global_colors_info=\u00a0\u00bb{}\u00a0\u00bb][et_pb_row _builder_version=\u00a0\u00bb4.27.0&Prime; _module_preset=\u00a0\u00bbdefault\u00a0\u00bb locked=\u00a0\u00bboff\u00a0\u00bb global_colors_info=\u00a0\u00bb{}\u00a0\u00bb][et_pb_column type=\u00a0\u00bb4_4&Prime; _builder_version=\u00a0\u00bb4.27.0&Prime; _module_preset=\u00a0\u00bbdefault\u00a0\u00bb custom_padding=\u00a0\u00bb0px||||false|false\u00a0\u00bb global_colors_info=\u00a0\u00bb{}\u00a0\u00bb][et_pb_text _builder_version=\u00a0\u00bb4.25.0&Prime; _module_preset=\u00a0\u00bb9b2d9455-3a27-4375-9fb4-521dfeac0afd\u00a0\u00bb header_2_text_color=\u00a0\u00bb#FFFFFF\u00a0\u00bb locked=\u00a0\u00bboff\u00a0\u00bb inline_fonts=\u00a0\u00bbAcme,Alfa Slab One\u00a0\u00bb global_colors_info=\u00a0\u00bb{}\u00a0\u00bb]<\/p>\n<h2><span style=\"color: #212221;\"><\/span><\/h2>\n<h2><span style=\"color: #212221;\"><\/span><\/h2>\n<h2><span style=\"color: #212221;\"><\/span><\/h2>\n<h2><span style=\"font-family: 'Alfa Slab One'; font-weight: normal;\"><span style=\"color: #212221;\">Des<\/span><span style=\"color: #212221;\"> frit<\/span><span style=\"color: #212221;\">es<\/span><span style=\"color: #212221;\"> remarquables !\u00a0<\/span><\/span><\/h2>\n<p>[\/et_pb_text][et_pb_text _builder_version=\u00a0\u00bb4.24.2&Prime; _module_preset=\u00a0\u00bb12cabc9e-bd57-4936-8b41-21551d219313&Prime; header_text_color=\u00a0\u00bbgcid-0a70bcaa-1736-40e0-9723-4fb88b8b6694&Prime; text_orientation=\u00a0\u00bbcenter\u00a0\u00bb global_colors_info=\u00a0\u00bb{%22gcid-0a70bcaa-1736-40e0-9723-4fb88b8b6694%22:%91%22header_text_color%22%93}\u00a0\u00bb]<\/p>\n<h1><\/h1>\n<p style=\"text-align: justify;\">Les <strong>frites 9\/9<\/strong> sont des frites d\u2019un c<strong>alibre plus large que les frites type allumette<\/strong>. Elles sont \u00e9labor\u00e9es \u00e0 partir d\u2019une s\u00e9lection rigoureuse des meilleures pommes de terre. Leur coupe uniforme de 9\/9 permet de <strong>maximiser le co\u00fbt par portion<\/strong> optimisant ainsi votre rentabilit\u00e9 tout en satisfaisant l\u2019app\u00e9tit de vos clients.<\/p>\n<p style=\"text-align: justify;\">Elles sont parfaites pour compl\u00e9ter une assiette ou encore un menu. Leur texture croustillante \u00e0 l\u2019ext\u00e9rieur et moelleuse \u00e0 l\u2019int\u00e9rieur est app\u00e9tissante. Elle se marient parfaitement bien avec tous types de sauces comme la sauce ketchup, la sauce mayonnaise et bien d\u2019autre encore.<\/p>\n<p style=\"text-align: justify;\">Nos frites sont conditionn\u00e9es en <strong>sachet<\/strong> de 2,5kg et par carton de 4 sachets, id\u00e9al pour les professionnels de la restauration.<\/p>\n<p style=\"text-align: justify;\">Leur go\u00fbt irr\u00e9sistible et leur qualit\u00e9 en feront un incontournable de votre \u00e9tablissement.<\/p>\n<p style=\"text-align: justify;\">Pour des frites savoureuses et croustillantes, plongez-les \u00e0 la friteuse pendant 3 minutes\u00a0 \u00e0 175\u00b0C jusqu\u2019\u00e0 l\u2019obtention d\u2019une belle couleur dor\u00e9e.<\/p>\n<p style=\"text-align: justify;\">Pour une conservation optimale, la temp\u00e9rature de stockage maximum est de -18\u00b0C.<\/p>\n<p><span style=\"font-size: 72px;\"><\/span><\/p>\n<p><span style=\"font-size: 72px;\"><\/span><\/p>\n<p>[\/et_pb_text][\/et_pb_column][\/et_pb_row][\/et_pb_section][et_pb_section fb_built=\u00a0\u00bb1&Prime; _builder_version=\u00a0\u00bb4.27.0&Prime; _module_preset=\u00a0\u00bbdefault\u00a0\u00bb background_enable_image=\u00a0\u00bboff\u00a0\u00bb custom_margin=\u00a0\u00bb0px||-64px||false|false\u00a0\u00bb custom_padding=\u00a0\u00bb0px||||false|false\u00a0\u00bb global_colors_info=\u00a0\u00bb{}\u00a0\u00bb][et_pb_row _builder_version=\u00a0\u00bb4.27.0&Prime; _module_preset=\u00a0\u00bbdefault\u00a0\u00bb custom_margin=\u00a0\u00bb19px||6px||false|false\u00a0\u00bb global_colors_info=\u00a0\u00bb{}\u00a0\u00bb][et_pb_column type=\u00a0\u00bb4_4&Prime; _builder_version=\u00a0\u00bb4.27.0&Prime; _module_preset=\u00a0\u00bbdefault\u00a0\u00bb global_colors_info=\u00a0\u00bb{}\u00a0\u00bb][et_pb_image src=\u00a0\u00bbhttps:\/\/elma-food.eu\/wp-content\/uploads\/2024\/08\/Elma_Frites_9-9_sachet_2.5kg_et_carton_10kg_centrale_ethnique.jpg\u00a0\u00bb alt=\u00a0\u00bbFrites 9\/9 carton et sachet\u00a0\u00bb title_text=\u00a0\u00bbElma_Frites_9-9_sachet_2.5kg_et_carton_10kg_centrale_ethnique\u00a0\u00bb align=\u00a0\u00bbcenter\u00a0\u00bb _builder_version=\u00a0\u00bb4.27.0&Prime; _module_preset=\u00a0\u00bbdefault\u00a0\u00bb width=\u00a0\u00bb66%\u00a0\u00bb custom_margin=\u00a0\u00bb-84px||-14px||false|false\u00a0\u00bb custom_padding=\u00a0\u00bb|112px||77px||\u00a0\u00bb global_colors_info=\u00a0\u00bb{}\u00a0\u00bb][\/et_pb_image][et_pb_text _builder_version=\u00a0\u00bb4.24.2&Prime; _module_preset=\u00a0\u00bb12cabc9e-bd57-4936-8b41-21551d219313&Prime; header_text_color=\u00a0\u00bbgcid-0a70bcaa-1736-40e0-9723-4fb88b8b6694&Prime; text_orientation=\u00a0\u00bbcenter\u00a0\u00bb min_height=\u00a0\u00bb215px\u00a0\u00bb custom_margin=\u00a0\u00bb-17px|||||\u00a0\u00bb custom_padding=\u00a0\u00bb||0px|||\u00a0\u00bb global_colors_info=\u00a0\u00bb{%22gcid-0a70bcaa-1736-40e0-9723-4fb88b8b6694%22:%91%22header_text_color%22%93}\u00a0\u00bb]<\/p>\n<h1><\/h1>\n<p style=\"text-align: center;\"><span style=\"text-decoration: underline;\">Conditionnement:<\/span><\/p>\n<p style=\"text-align: center;\">Sachet de 2,5kg<br \/>Carton de 4 sachets<br \/>72 cartons \/ palette<br \/>9 cartons \/ couche\u00a0<\/p>\n<p style=\"text-align: center;\">\n<p><span style=\"font-size: 72px;\"><\/span><\/p>\n<p><span style=\"font-size: 72px;\"><\/span><\/p>\n<p>[\/et_pb_text][et_pb_text _builder_version=\u00a0\u00bb4.25.0&Prime; _module_preset=\u00a0\u00bb9b2d9455-3a27-4375-9fb4-521dfeac0afd\u00a0\u00bb header_2_text_color=\u00a0\u00bb#FFFFFF\u00a0\u00bb custom_margin=\u00a0\u00bb-174px|||||\u00a0\u00bb locked=\u00a0\u00bboff\u00a0\u00bb inline_fonts=\u00a0\u00bbAlfa Slab One,Acme\u00a0\u00bb global_colors_info=\u00a0\u00bb{}\u00a0\u00bb]<\/p>\n<h2><span style=\"color: #212221;\"><\/span><\/h2>\n<h2><span style=\"color: #212221;\"><\/span><\/h2>\n<h2><span style=\"color: #212221;\"><\/span><\/h2>\n<h2><span style=\"color: #212221;\"><\/span><\/h2>\n<h2><span style=\"color: #212221;\"><\/span><\/h2>\n<h2><span style=\"color: #212221;\"><\/span><\/h2>\n<h2><span style=\"color: #212221;\"><\/span><\/h2>\n<h2><span style=\"color: #212221;\"><\/span><\/h2>\n<h2><span style=\"color: #212221;\"><\/span><\/h2>\n<h2><span style=\"color: #212221;\"><\/span><\/h2>\n<h2 style=\"text-align: center;\"><span style=\"color: #212221; font-family: 'Alfa Slab One'; font-weight: normal;\"><\/span><\/h2>\n<h2 style=\"text-align: center;\"><span style=\"color: #212221; font-family: 'Alfa Slab One'; font-weight: normal;\"><\/span><\/h2>\n<h2 style=\"text-align: center;\"><span style=\"color: #212221; font-family: 'Alfa Slab One'; font-weight: normal;\">Nos frites sont &#8230;<\/span><\/h2>\n<p>[\/et_pb_text][\/et_pb_column][\/et_pb_row][\/et_pb_section][et_pb_section fb_built=\u00a0\u00bb1&Prime; _builder_version=\u00a0\u00bb4.27.0&Prime; _module_preset=\u00a0\u00bbdefault\u00a0\u00bb background_color=\u00a0\u00bb#212221&Prime; locked=\u00a0\u00bboff\u00a0\u00bb global_colors_info=\u00a0\u00bb{}\u00a0\u00bb][et_pb_row column_structure=\u00a0\u00bb1_3,1_3,1_3&Prime; _builder_version=\u00a0\u00bb4.27.0&Prime; _module_preset=\u00a0\u00bbdefault\u00a0\u00bb global_colors_info=\u00a0\u00bb{}\u00a0\u00bb][et_pb_column type=\u00a0\u00bb1_3&Prime; _builder_version=\u00a0\u00bb4.27.0&Prime; _module_preset=\u00a0\u00bbdefault\u00a0\u00bb custom_padding=\u00a0\u00bb20px|20px|20px|20px|true|true\u00a0\u00bb border_width_all=\u00a0\u00bb2px\u00a0\u00bb border_color_all=\u00a0\u00bb#FFFFFF\u00a0\u00bb global_colors_info=\u00a0\u00bb{}\u00a0\u00bb][et_pb_image src=\u00a0\u00bbhttp:\/\/elma-food.eu\/wp-content\/uploads\/2024\/08\/icones-frites-seules-1.png\u00a0\u00bb alt=\u00a0\u00bbfrites\u00a0\u00bb title_text=\u00a0\u00bbfrites \u00a0\u00bb align=\u00a0\u00bbcenter\u00a0\u00bb _builder_version=\u00a0\u00bb4.27.0&Prime; _module_preset=\u00a0\u00bbdefault\u00a0\u00bb max_width=\u00a0\u00bb64px\u00a0\u00bb max_height=\u00a0\u00bb64px\u00a0\u00bb custom_margin=\u00a0\u00bb||20px||false|false\u00a0\u00bb custom_padding=\u00a0\u00bb|0px||||\u00a0\u00bb global_colors_info=\u00a0\u00bb{}\u00a0\u00bb][\/et_pb_image][et_pb_text _builder_version=\u00a0\u00bb4.27.0&Prime; _module_preset=\u00a0\u00bb4935ee1d-bb7f-4c1b-abee-13c80b2258d3&Prime; custom_margin=\u00a0\u00bb||0px||false|false\u00a0\u00bb global_colors_info=\u00a0\u00bb{}\u00a0\u00bb]<\/p>\n<h5 style=\"text-align: center;\"><span style=\"color: #ffffff;\">Larges<\/span><\/h5>\n<p>[\/et_pb_text][\/et_pb_column][et_pb_column type=\u00a0\u00bb1_3&Prime; _builder_version=\u00a0\u00bb4.27.0&Prime; _module_preset=\u00a0\u00bbdefault\u00a0\u00bb custom_padding=\u00a0\u00bb20px|20px|20px|20px|true|true\u00a0\u00bb border_width_all=\u00a0\u00bb2px\u00a0\u00bb border_color_all=\u00a0\u00bb#FFFFFF\u00a0\u00bb global_colors_info=\u00a0\u00bb{}\u00a0\u00bb][et_pb_image src=\u00a0\u00bbhttp:\/\/elma-food.eu\/wp-content\/uploads\/2024\/08\/icone-croustillant.png\u00a0\u00bb alt=\u00a0\u00bbicone croustillant\u00a0\u00bb title_text=\u00a0\u00bbicone croustillant\u00a0\u00bb align=\u00a0\u00bbcenter\u00a0\u00bb _builder_version=\u00a0\u00bb4.27.0&Prime; _module_preset=\u00a0\u00bbdefault\u00a0\u00bb max_width=\u00a0\u00bb64px\u00a0\u00bb max_height=\u00a0\u00bb64px\u00a0\u00bb custom_margin=\u00a0\u00bb||20px||false|false\u00a0\u00bb global_colors_info=\u00a0\u00bb{}\u00a0\u00bb][\/et_pb_image][et_pb_text _builder_version=\u00a0\u00bb4.27.0&Prime; _module_preset=\u00a0\u00bb4935ee1d-bb7f-4c1b-abee-13c80b2258d3&Prime; custom_margin=\u00a0\u00bb||0px||false|false\u00a0\u00bb global_colors_info=\u00a0\u00bb{}\u00a0\u00bb]<\/p>\n<h5 style=\"text-align: center;\"><span style=\"color: #ffffff;\">Croustillantes<\/span><\/h5>\n<p>[\/et_pb_text][\/et_pb_column][et_pb_column type=\u00a0\u00bb1_3&Prime; _builder_version=\u00a0\u00bb4.27.0&Prime; _module_preset=\u00a0\u00bbdefault\u00a0\u00bb custom_padding=\u00a0\u00bb20px|20px|20px|20px|true|true\u00a0\u00bb border_width_all=\u00a0\u00bb2px\u00a0\u00bb border_color_all=\u00a0\u00bb#FFFFFF\u00a0\u00bb global_colors_info=\u00a0\u00bb{}\u00a0\u00bb][et_pb_image src=\u00a0\u00bbhttp:\/\/elma-food.eu\/wp-content\/uploads\/2024\/08\/icone-langue.png\u00a0\u00bb alt=\u00a0\u00bbIcone d\u00e9licieux\u00a0\u00bb title_text=\u00a0\u00bbicone d\u00e9licieux\u00a0\u00bb align=\u00a0\u00bbcenter\u00a0\u00bb _builder_version=\u00a0\u00bb4.27.0&Prime; _module_preset=\u00a0\u00bbdefault\u00a0\u00bb max_width=\u00a0\u00bb64px\u00a0\u00bb max_height=\u00a0\u00bb64px\u00a0\u00bb custom_margin=\u00a0\u00bb||20px||false|false\u00a0\u00bb locked=\u00a0\u00bboff\u00a0\u00bb global_colors_info=\u00a0\u00bb{}\u00a0\u00bb][\/et_pb_image][et_pb_text _builder_version=\u00a0\u00bb4.27.0&Prime; _module_preset=\u00a0\u00bb4935ee1d-bb7f-4c1b-abee-13c80b2258d3&Prime; text_text_color=\u00a0\u00bb#99242c\u00a0\u00bb background_color=\u00a0\u00bbRGBA(255,255,255,0)\u00a0\u00bb background_layout=\u00a0\u00bbdark\u00a0\u00bb custom_margin=\u00a0\u00bb||0px||false|false\u00a0\u00bb locked=\u00a0\u00bboff\u00a0\u00bb global_colors_info=\u00a0\u00bb{}\u00a0\u00bb]<\/p>\n<h5 style=\"text-align: center;\">Irr\u00e9sistibles<\/h5>\n<p>[\/et_pb_text][\/et_pb_column][\/et_pb_row][\/et_pb_section][et_pb_section fb_built=\u00a0\u00bb1&Prime; admin_label=\u00a0\u00bbFooter\u00a0\u00bb _builder_version=\u00a0\u00bb4.24.2&Prime; _module_preset=\u00a0\u00bbdefault\u00a0\u00bb background_color=\u00a0\u00bbgcid-0a70bcaa-1736-40e0-9723-4fb88b8b6694&Prime; saved_tabs=\u00a0\u00bball\u00a0\u00bb collapsed=\u00a0\u00bbon\u00a0\u00bb global_colors_info=\u00a0\u00bb{%22gcid-0a70bcaa-1736-40e0-9723-4fb88b8b6694%22:%91%22background_color%22%93}\u00a0\u00bb][et_pb_row column_structure=\u00a0\u00bb1_2,1_2&Prime; _builder_version=\u00a0\u00bb4.24.2&Prime; _module_preset=\u00a0\u00bbdefault\u00a0\u00bb global_colors_info=\u00a0\u00bb{}\u00a0\u00bb][et_pb_column type=\u00a0\u00bb1_2&Prime; _builder_version=\u00a0\u00bb4.24.2&Prime; _module_preset=\u00a0\u00bbdefault\u00a0\u00bb global_colors_info=\u00a0\u00bb{}\u00a0\u00bb][et_pb_image src=\u00a0\u00bbhttp:\/\/elma-food.eu\/wp-content\/uploads\/2024\/08\/Logo-ELMA-300&#215;225-1.png\u00a0\u00bb alt=\u00a0\u00bblogo elma\u00a0\u00bb title_text=\u00a0\u00bblogo elma\u00a0\u00bb _builder_version=\u00a0\u00bb4.27.0&Prime; _module_preset=\u00a0\u00bbdefault\u00a0\u00bb custom_padding=\u00a0\u00bb||0px|||\u00a0\u00bb global_colors_info=\u00a0\u00bb{}\u00a0\u00bb][\/et_pb_image][\/et_pb_column][et_pb_column type=\u00a0\u00bb1_2&Prime; _builder_version=\u00a0\u00bb4.24.2&Prime; _module_preset=\u00a0\u00bbdefault\u00a0\u00bb global_colors_info=\u00a0\u00bb{}\u00a0\u00bb][et_pb_text _builder_version=\u00a0\u00bb4.27.0&Prime; _module_preset=\u00a0\u00bbdefault\u00a0\u00bb global_colors_info=\u00a0\u00bb{}\u00a0\u00bb]<\/p>\n<h5><span style=\"font-size: 14px; color: #666666;\">\u00a0<\/span><\/h5>\n<h5><span style=\"color: #ffffff;\"><strong><\/strong><\/span><\/h5>\n<h5><span style=\"color: #ffffff;\"><strong><\/strong><\/span><\/h5>\n<h5><span style=\"color: #ffffff;\"><strong><\/strong><\/span><\/h5>\n<h5><span style=\"color: #ffffff;\"><strong><\/strong><\/span><\/h5>\n<p><span style=\"color: #ffffff;\"><\/span><\/p>\n<p><span style=\"color: #ffffff;\"><\/span><\/p>\n<h5><span style=\"color: #ffffff;\"><strong>Adresse<\/strong><\/span><\/h5>\n<p><span style=\"color: #ffffff;\">ZA Cl\u00e9sud &#8211; <\/span><span style=\"color: #ffffff; font-size: 14px;\">4, rue Comte de la P\u00e9rouse, <\/span><span style=\"color: #ffffff;\">13140 Miramas<\/span><\/p>\n<h5><span style=\"color: #ffffff;\"><strong>Contact<\/strong><\/span><\/h5>\n<p><span style=\"color: #ffffff;\">contact@elma-food.com<\/span><\/p>\n<p><span style=\"color: #ffffff;\"><\/span><\/p>\n<p>[\/et_pb_text][\/et_pb_column][\/et_pb_row][et_pb_row _builder_version=\u00a0\u00bb4.25.0&Prime; _module_preset=\u00a0\u00bbdefault\u00a0\u00bb custom_margin=\u00a0\u00bb||||false|false\u00a0\u00bb custom_padding=\u00a0\u00bb20px||||false|false\u00a0\u00bb border_color_all=\u00a0\u00bbrgba(255,255,255,0.24)\u00a0\u00bb border_width_top=\u00a0\u00bb1px\u00a0\u00bb global_colors_info=\u00a0\u00bb{}\u00a0\u00bb][et_pb_column type=\u00a0\u00bb4_4&Prime; _builder_version=\u00a0\u00bb4.23.2&Prime; _module_preset=\u00a0\u00bbdefault\u00a0\u00bb global_colors_info=\u00a0\u00bb{}\u00a0\u00bb][et_pb_text _builder_version=\u00a0\u00bb4.27.0&Prime; _dynamic_attributes=\u00a0\u00bbcontent\u00a0\u00bb _module_preset=\u00a0\u00bb314b2b92-334c-4c28-9d39-abeb78af180b\u00a0\u00bb text_text_color=\u00a0\u00bb#FFFFFF\u00a0\u00bb text_orientation=\u00a0\u00bbcenter\u00a0\u00bb global_colors_info=\u00a0\u00bb{}\u00a0\u00bb]@ET-DC@eyJkeW5hbWljIjp0cnVlLCJjb250ZW50IjoiY3VycmVudF9kYXRlIiwic2V0dGluZ3MiOnsiYmVmb3JlIjoiQ29weXJpZ2h0ICZjb3B5OyAiLCJhZnRlciI6IiBFbG1hLiBBbGwgUmlnaHRzIFJlc2VydmVkLiIsImRhdGVfZm9ybWF0IjoiY3VzdG9tIiwiY3VzdG9tX2RhdGVfZm9ybWF0IjoiWSJ9fQ==@[\/et_pb_text][\/et_pb_column][\/et_pb_row][\/et_pb_section]<\/p>\n","protected":false},"excerpt":{"rendered":"<p>Frites 9\/9 Des frites remarquables !\u00a0 Les frites 9\/9 sont des frites d\u2019un calibre plus large que les frites type allumette. Elles sont \u00e9labor\u00e9es \u00e0 partir d\u2019une s\u00e9lection rigoureuse des meilleures pommes de terre. Leur coupe uniforme de 9\/9 permet de maximiser le co\u00fbt par portion optimisant ainsi votre rentabilit\u00e9 tout en satisfaisant l\u2019app\u00e9tit de [&hellip;]<\/p>\n","protected":false},"author":1,"featured_media":0,"parent":0,"menu_order":0,"comment_status":"closed","ping_status":"closed","template":"","meta":{"_et_pb_use_builder":"on","_et_pb_old_content":"","_et_gb_content_width":"","footnotes":""},"class_list":["post-485","page","type-page","status-publish","hentry"],"_links":{"self":[{"href":"https:\/\/elma-food.eu\/index.php\/wp-json\/wp\/v2\/pages\/485","targetHints":{"allow":["GET"]}}],"collection":[{"href":"https:\/\/elma-food.eu\/index.php\/wp-json\/wp\/v2\/pages"}],"about":[{"href":"https:\/\/elma-food.eu\/index.php\/wp-json\/wp\/v2\/types\/page"}],"author":[{"embeddable":true,"href":"https:\/\/elma-food.eu\/index.php\/wp-json\/wp\/v2\/users\/1"}],"replies":[{"embeddable":true,"href":"https:\/\/elma-food.eu\/index.php\/wp-json\/wp\/v2\/comments?post=485"}],"version-history":[{"count":8,"href":"https:\/\/elma-food.eu\/index.php\/wp-json\/wp\/v2\/pages\/485\/revisions"}],"predecessor-version":[{"id":754,"href":"https:\/\/elma-food.eu\/index.php\/wp-json\/wp\/v2\/pages\/485\/revisions\/754"}],"wp:attachment":[{"href":"https:\/\/elma-food.eu\/index.php\/wp-json\/wp\/v2\/media?parent=485"}],"curies":[{"name":"wp","href":"https:\/\/api.w.org\/{rel}","templated":true}]}}