{"id":686,"date":"2024-10-14T14:29:14","date_gmt":"2024-10-14T12:29:14","guid":{"rendered":"https:\/\/elma-food.eu\/?page_id=686"},"modified":"2024-10-14T14:31:32","modified_gmt":"2024-10-14T12:31:32","slug":"686-2","status":"publish","type":"page","link":"https:\/\/elma-food.eu\/index.php\/686-2\/","title":{"rendered":"Wings pan\u00e9es spicy"},"content":{"rendered":"<p>[et_pb_section fb_built=\u00a0\u00bb1&Prime; admin_label=\u00a0\u00bbHeader\u00a0\u00bb _builder_version=\u00a0\u00bb4.27.0&Prime; _module_preset=\u00a0\u00bbdefault\u00a0\u00bb use_background_color_gradient=\u00a0\u00bbon\u00a0\u00bb background_color_gradient_stops=\u00a0\u00bbrgba(0,0,0,0.7) 0%|rgba(0,0,0,0.7) 100%\u00a0\u00bb background_color_gradient_overlays_image=\u00a0\u00bbon\u00a0\u00bb background_image=\u00a0\u00bbhttp:\/\/elma-food.eu\/wp-content\/uploads\/2024\/08\/tenders_ambiance-scaled.jpg\u00a0\u00bb collapsed=\u00a0\u00bbon\u00a0\u00bb global_colors_info=\u00a0\u00bb{}\u00a0\u00bb theme_builder_area=\u00a0\u00bbpost_content\u00a0\u00bb][et_pb_row _builder_version=\u00a0\u00bb4.24.2&Prime; _module_preset=\u00a0\u00bbdefault\u00a0\u00bb max_width=\u00a0\u00bb800px\u00a0\u00bb global_colors_info=\u00a0\u00bb{}\u00a0\u00bb theme_builder_area=\u00a0\u00bbpost_content\u00a0\u00bb][et_pb_column type=\u00a0\u00bb4_4&Prime; _builder_version=\u00a0\u00bb4.23.2&Prime; _module_preset=\u00a0\u00bbdefault\u00a0\u00bb global_colors_info=\u00a0\u00bb{}\u00a0\u00bb theme_builder_area=\u00a0\u00bbpost_content\u00a0\u00bb][et_pb_text _builder_version=\u00a0\u00bb4.23.2&Prime; _module_preset=\u00a0\u00bbe3427238-c36c-45fa-9e64-b5ef902f322c\u00a0\u00bb header_text_color=\u00a0\u00bb#FFFFFF\u00a0\u00bb text_orientation=\u00a0\u00bbcenter\u00a0\u00bb custom_margin=\u00a0\u00bb||10px||false|false\u00a0\u00bb global_colors_info=\u00a0\u00bb{}\u00a0\u00bb theme_builder_area=\u00a0\u00bbpost_content\u00a0\u00bb]<\/p>\n<h1><\/h1>\n<h1><\/h1>\n<h1><\/h1>\n<h1><\/h1>\n<h1><\/h1>\n<h1><\/h1>\n<h1>Wings pan\u00e9es spicy<\/h1>\n<p>[\/et_pb_text][\/et_pb_column][\/et_pb_row][\/et_pb_section][et_pb_section fb_built=\u00a0\u00bb1&Prime; _builder_version=\u00a0\u00bb4.27.0&Prime; _module_preset=\u00a0\u00bbdefault\u00a0\u00bb global_colors_info=\u00a0\u00bb{}\u00a0\u00bb theme_builder_area=\u00a0\u00bbpost_content\u00a0\u00bb][et_pb_row _builder_version=\u00a0\u00bb4.27.0&Prime; _module_preset=\u00a0\u00bbdefault\u00a0\u00bb locked=\u00a0\u00bboff\u00a0\u00bb global_colors_info=\u00a0\u00bb{}\u00a0\u00bb theme_builder_area=\u00a0\u00bbpost_content\u00a0\u00bb][et_pb_column type=\u00a0\u00bb4_4&Prime; _builder_version=\u00a0\u00bb4.27.0&Prime; _module_preset=\u00a0\u00bbdefault\u00a0\u00bb custom_padding=\u00a0\u00bb0px||||false|false\u00a0\u00bb global_colors_info=\u00a0\u00bb{}\u00a0\u00bb theme_builder_area=\u00a0\u00bbpost_content\u00a0\u00bb][et_pb_text _builder_version=\u00a0\u00bb4.25.0&Prime; _module_preset=\u00a0\u00bb9b2d9455-3a27-4375-9fb4-521dfeac0afd\u00a0\u00bb header_2_text_color=\u00a0\u00bb#FFFFFF\u00a0\u00bb locked=\u00a0\u00bboff\u00a0\u00bb inline_fonts=\u00a0\u00bbAcme,Alfa Slab One\u00a0\u00bb global_colors_info=\u00a0\u00bb{}\u00a0\u00bb theme_builder_area=\u00a0\u00bbpost_content\u00a0\u00bb]<\/p>\n<h2><span style=\"color: #212221;\"><\/span><\/h2>\n<h2><span style=\"color: #212221;\"><\/span><\/h2>\n<h2><span style=\"color: #212221;\"><\/span><\/h2>\n<h2><span style=\"font-family: 'Alfa Slab One'; font-weight: normal;\"><span style=\"color: #212221;\">Des<\/span><span style=\"color: #212221;\"> wings pan\u00e9es <\/span><span style=\"color: #212221;\">\u00e9pic\u00e9es !\u00a0<\/span><\/span><\/h2>\n<p>[\/et_pb_text][et_pb_text _builder_version=\u00a0\u00bb4.24.2&Prime; _module_preset=\u00a0\u00bb12cabc9e-bd57-4936-8b41-21551d219313&Prime; header_text_color=\u00a0\u00bbgcid-0a70bcaa-1736-40e0-9723-4fb88b8b6694&Prime; text_orientation=\u00a0\u00bbcenter\u00a0\u00bb global_colors_info=\u00a0\u00bb{%22gcid-0a70bcaa-1736-40e0-9723-4fb88b8b6694%22:%91%22header_text_color%22%93}\u00a0\u00bb theme_builder_area=\u00a0\u00bbpost_content\u00a0\u00bb]<\/p>\n<h1><\/h1>\n<p style=\"text-align: justify;\">Si vous aimez les <strong>saveurs relev\u00e9es<\/strong>, les wings pan\u00e9es spicy \u00a0sont faites pour vous ! Avec leur <strong>panure croustillante<\/strong> et leur <strong>touche d&rsquo;\u00e9pices parfaitement dos\u00e9e<\/strong>, elles offrent une explosion de saveurs \u00e0 chaque bouch\u00e9e. Ces wings <strong>halal<\/strong> sont id\u00e9ales pour ceux qui recherchent un petit<strong> coup de piquant<\/strong> dans leur repas, tout en profitant de la <strong>tendret\u00e9 du poulet<\/strong>. Que ce soit pour un moment entre amis ou pour pimenter votre menu quotidien, ces wings spicy vous garantissent un plaisir gourmand intense. Offrez-vous un voyage gustatif plein de caract\u00e8re !<\/p>\n<p style=\"text-align: justify;\">Nos wings pan\u00e9es sont conditionn\u00e9s en <strong>sachet<\/strong>, id\u00e9al pour les professionnels de la restauration.<\/p>\n<p style=\"text-align: justify;\">Leur go\u00fbt irr\u00e9sistible et leur qualit\u00e9 en feront un incontournable de votre \u00e9tablissement.<\/p>\n<p style=\"text-align: justify;\">Pour des wings croustillantes, plongez-les \u00e0 la friteuse pendant 5 minutes \u00e0 175\u00b0C.\u00a0<\/p>\n<p style=\"text-align: justify;\">Pour une conservation optimale, la temp\u00e9rature de stockage maximum est de -18\u00b0C.<\/p>\n<p><span style=\"font-size: 72px;\"><\/span><\/p>\n<p><span style=\"font-size: 72px;\"><\/span><\/p>\n<p>[\/et_pb_text][\/et_pb_column][\/et_pb_row][\/et_pb_section][et_pb_section fb_built=\u00a0\u00bb1&Prime; _builder_version=\u00a0\u00bb4.27.0&Prime; _module_preset=\u00a0\u00bbdefault\u00a0\u00bb background_enable_image=\u00a0\u00bboff\u00a0\u00bb custom_margin=\u00a0\u00bb0px||-64px||false|false\u00a0\u00bb custom_padding=\u00a0\u00bb0px||||false|false\u00a0\u00bb global_colors_info=\u00a0\u00bb{}\u00a0\u00bb theme_builder_area=\u00a0\u00bbpost_content\u00a0\u00bb][et_pb_row _builder_version=\u00a0\u00bb4.27.0&Prime; _module_preset=\u00a0\u00bbdefault\u00a0\u00bb custom_margin=\u00a0\u00bb19px|auto|6px|413px|false|false\u00a0\u00bb global_colors_info=\u00a0\u00bb{}\u00a0\u00bb theme_builder_area=\u00a0\u00bbpost_content\u00a0\u00bb][et_pb_column type=\u00a0\u00bb4_4&Prime; _builder_version=\u00a0\u00bb4.27.0&Prime; _module_preset=\u00a0\u00bbdefault\u00a0\u00bb global_colors_info=\u00a0\u00bb{}\u00a0\u00bb theme_builder_area=\u00a0\u00bbpost_content\u00a0\u00bb][et_pb_image src=\u00a0\u00bbhttps:\/\/elma-food.eu\/wp-content\/uploads\/2024\/10\/03963_ELMA-Wings-panes-800g.png\u00a0\u00bb alt=\u00a0\u00bbTenders Elma\u00a0\u00bb title_text=\u00a0\u00bb03963_ELMA &#8211; Wings pan\u00e9s 800g\u00a0\u00bb align=\u00a0\u00bbcenter\u00a0\u00bb _builder_version=\u00a0\u00bb4.27.2&Prime; _module_preset=\u00a0\u00bbdefault\u00a0\u00bb width=\u00a0\u00bb70%\u00a0\u00bb custom_margin=\u00a0\u00bb-84px|251px|-14px||false|false\u00a0\u00bb custom_padding=\u00a0\u00bb|118px||298px||\u00a0\u00bb hover_enabled=\u00a0\u00bb0&Prime; global_colors_info=\u00a0\u00bb{}\u00a0\u00bb theme_builder_area=\u00a0\u00bbpost_content\u00a0\u00bb sticky_enabled=\u00a0\u00bb0&Prime;][\/et_pb_image][et_pb_text _builder_version=\u00a0\u00bb4.27.0&Prime; _module_preset=\u00a0\u00bbdefault\u00a0\u00bb custom_padding=\u00a0\u00bb30px|||||\u00a0\u00bb global_colors_info=\u00a0\u00bb{}\u00a0\u00bb theme_builder_area=\u00a0\u00bbpost_content\u00a0\u00bb]<\/p>\n<p style=\"text-align: center;\"><span style=\"text-decoration: underline;\">Conditionnement<\/span> :<br \/>Sachet de 800g<br \/>7 sachets \/ carton<br \/>90 cartons\u00a0 \/ palette<br \/>10 cartons \/ couche<\/p>\n<p>[\/et_pb_text][et_pb_text _builder_version=\u00a0\u00bb4.25.0&Prime; _module_preset=\u00a0\u00bb9b2d9455-3a27-4375-9fb4-521dfeac0afd\u00a0\u00bb header_2_text_color=\u00a0\u00bb#FFFFFF\u00a0\u00bb locked=\u00a0\u00bboff\u00a0\u00bb inline_fonts=\u00a0\u00bbAlfa Slab One,Acme\u00a0\u00bb global_colors_info=\u00a0\u00bb{}\u00a0\u00bb theme_builder_area=\u00a0\u00bbpost_content\u00a0\u00bb]<\/p>\n<h2><span style=\"color: #212221;\"><\/span><\/h2>\n<h2><span style=\"color: #212221;\"><\/span><\/h2>\n<h2><span style=\"color: #212221;\"><\/span><\/h2>\n<h2><span style=\"color: #212221;\"><\/span><\/h2>\n<h2><span style=\"color: #212221;\"><\/span><\/h2>\n<h2><span style=\"color: #212221;\"><\/span><\/h2>\n<h2><span style=\"color: #212221;\"><\/span><\/h2>\n<h2 style=\"text-align: center;\"><span style=\"color: #212221; font-family: 'Alfa Slab One'; font-size: 52px; font-weight: normal; text-align: center;\">Nos wings sont &#8230;<\/span><span style=\"color: #212221;\"><\/span><\/h2>\n<p>[\/et_pb_text][\/et_pb_column][\/et_pb_row][\/et_pb_section][et_pb_section fb_built=\u00a0\u00bb1&Prime; _builder_version=\u00a0\u00bb4.27.0&Prime; _module_preset=\u00a0\u00bbdefault\u00a0\u00bb background_color=\u00a0\u00bb#212221&Prime; locked=\u00a0\u00bboff\u00a0\u00bb global_colors_info=\u00a0\u00bb{}\u00a0\u00bb theme_builder_area=\u00a0\u00bbpost_content\u00a0\u00bb][et_pb_row column_structure=\u00a0\u00bb1_3,1_3,1_3&Prime; _builder_version=\u00a0\u00bb4.27.0&Prime; _module_preset=\u00a0\u00bbdefault\u00a0\u00bb global_colors_info=\u00a0\u00bb{}\u00a0\u00bb theme_builder_area=\u00a0\u00bbpost_content\u00a0\u00bb][et_pb_column type=\u00a0\u00bb1_3&Prime; _builder_version=\u00a0\u00bb4.27.0&Prime; _module_preset=\u00a0\u00bbdefault\u00a0\u00bb custom_padding=\u00a0\u00bb20px|20px|20px|20px|true|true\u00a0\u00bb border_width_all=\u00a0\u00bb2px\u00a0\u00bb border_color_all=\u00a0\u00bb#FFFFFF\u00a0\u00bb global_colors_info=\u00a0\u00bb{}\u00a0\u00bb theme_builder_area=\u00a0\u00bbpost_content\u00a0\u00bb][et_pb_image src=\u00a0\u00bbhttp:\/\/elma-food.eu\/wp-content\/uploads\/2024\/08\/icone-tenders-seul.png\u00a0\u00bb alt=\u00a0\u00bbfrites\u00a0\u00bb title_text=\u00a0\u00bbicone tenders seul\u00a0\u00bb align=\u00a0\u00bbcenter\u00a0\u00bb _builder_version=\u00a0\u00bb4.27.0&Prime; _module_preset=\u00a0\u00bbdefault\u00a0\u00bb max_width=\u00a0\u00bb64px\u00a0\u00bb max_height=\u00a0\u00bb64px\u00a0\u00bb custom_margin=\u00a0\u00bb||20px||false|false\u00a0\u00bb custom_padding=\u00a0\u00bb|0px||||\u00a0\u00bb global_colors_info=\u00a0\u00bb{}\u00a0\u00bb theme_builder_area=\u00a0\u00bbpost_content\u00a0\u00bb][\/et_pb_image][et_pb_text _builder_version=\u00a0\u00bb4.27.0&Prime; _module_preset=\u00a0\u00bb4935ee1d-bb7f-4c1b-abee-13c80b2258d3&Prime; custom_margin=\u00a0\u00bb||0px||false|false\u00a0\u00bb global_colors_info=\u00a0\u00bb{}\u00a0\u00bb theme_builder_area=\u00a0\u00bbpost_content\u00a0\u00bb]<\/p>\n<h5 style=\"text-align: center;\"><span style=\"color: #ffffff;\">Tendres<\/span><\/h5>\n<p>[\/et_pb_text][\/et_pb_column][et_pb_column type=\u00a0\u00bb1_3&Prime; _builder_version=\u00a0\u00bb4.27.0&Prime; _module_preset=\u00a0\u00bbdefault\u00a0\u00bb custom_padding=\u00a0\u00bb20px|20px|20px|20px|true|true\u00a0\u00bb border_width_all=\u00a0\u00bb2px\u00a0\u00bb border_color_all=\u00a0\u00bb#FFFFFF\u00a0\u00bb global_colors_info=\u00a0\u00bb{}\u00a0\u00bb theme_builder_area=\u00a0\u00bbpost_content\u00a0\u00bb][et_pb_image src=\u00a0\u00bbhttp:\/\/elma-food.eu\/wp-content\/uploads\/2024\/08\/Icone-croustillant-tenders-2-1.png\u00a0\u00bb alt=\u00a0\u00bbIcone croustillant tenders\u00a0\u00bb title_text=\u00a0\u00bbIcone croustillant tenders 2&Prime; align=\u00a0\u00bbcenter\u00a0\u00bb _builder_version=\u00a0\u00bb4.27.0&Prime; _module_preset=\u00a0\u00bbdefault\u00a0\u00bb max_width=\u00a0\u00bb64px\u00a0\u00bb max_height=\u00a0\u00bb64px\u00a0\u00bb custom_margin=\u00a0\u00bb||20px||false|false\u00a0\u00bb global_colors_info=\u00a0\u00bb{}\u00a0\u00bb theme_builder_area=\u00a0\u00bbpost_content\u00a0\u00bb][\/et_pb_image][et_pb_text _builder_version=\u00a0\u00bb4.27.2&Prime; _module_preset=\u00a0\u00bb4935ee1d-bb7f-4c1b-abee-13c80b2258d3&Prime; custom_margin=\u00a0\u00bb||0px||false|false\u00a0\u00bb hover_enabled=\u00a0\u00bb0&Prime; global_colors_info=\u00a0\u00bb{}\u00a0\u00bb theme_builder_area=\u00a0\u00bbpost_content\u00a0\u00bb sticky_enabled=\u00a0\u00bb0&Prime;]<\/p>\n<h5 style=\"text-align: center;\"><span style=\"color: #ffffff;\">Croustillantes<\/span><\/h5>\n<p>[\/et_pb_text][\/et_pb_column][et_pb_column type=\u00a0\u00bb1_3&Prime; _builder_version=\u00a0\u00bb4.27.0&Prime; _module_preset=\u00a0\u00bbdefault\u00a0\u00bb custom_padding=\u00a0\u00bb20px|20px|20px|20px|true|true\u00a0\u00bb border_width_all=\u00a0\u00bb2px\u00a0\u00bb border_color_all=\u00a0\u00bb#FFFFFF\u00a0\u00bb global_colors_info=\u00a0\u00bb{}\u00a0\u00bb theme_builder_area=\u00a0\u00bbpost_content\u00a0\u00bb][et_pb_image src=\u00a0\u00bbhttp:\/\/elma-food.eu\/wp-content\/uploads\/2024\/08\/icone-langue.png\u00a0\u00bb alt=\u00a0\u00bbIcone d\u00e9licieux\u00a0\u00bb title_text=\u00a0\u00bbicone d\u00e9licieux\u00a0\u00bb align=\u00a0\u00bbcenter\u00a0\u00bb _builder_version=\u00a0\u00bb4.27.0&Prime; _module_preset=\u00a0\u00bbdefault\u00a0\u00bb max_width=\u00a0\u00bb64px\u00a0\u00bb max_height=\u00a0\u00bb64px\u00a0\u00bb custom_margin=\u00a0\u00bb||20px||false|false\u00a0\u00bb locked=\u00a0\u00bboff\u00a0\u00bb global_colors_info=\u00a0\u00bb{}\u00a0\u00bb theme_builder_area=\u00a0\u00bbpost_content\u00a0\u00bb][\/et_pb_image][et_pb_text _builder_version=\u00a0\u00bb4.27.2&Prime; _module_preset=\u00a0\u00bb4935ee1d-bb7f-4c1b-abee-13c80b2258d3&Prime; text_text_color=\u00a0\u00bb#99242c\u00a0\u00bb background_color=\u00a0\u00bbRGBA(255,255,255,0)\u00a0\u00bb background_layout=\u00a0\u00bbdark\u00a0\u00bb custom_margin=\u00a0\u00bb||0px||false|false\u00a0\u00bb hover_enabled=\u00a0\u00bb0&Prime; locked=\u00a0\u00bboff\u00a0\u00bb global_colors_info=\u00a0\u00bb{}\u00a0\u00bb theme_builder_area=\u00a0\u00bbpost_content\u00a0\u00bb sticky_enabled=\u00a0\u00bb0&Prime;]<\/p>\n<h5 style=\"text-align: center;\"><b>\u00c9pic\u00e9es<\/b><\/h5>\n<p>[\/et_pb_text][\/et_pb_column][\/et_pb_row][\/et_pb_section]<\/p>\n","protected":false},"excerpt":{"rendered":"<p>Wings pan\u00e9es spicy Des wings pan\u00e9es \u00e9pic\u00e9es !\u00a0 Si vous aimez les saveurs relev\u00e9es, les wings pan\u00e9es spicy \u00a0sont faites pour vous ! Avec leur panure croustillante et leur touche d&rsquo;\u00e9pices parfaitement dos\u00e9e, elles offrent une explosion de saveurs \u00e0 chaque bouch\u00e9e. Ces wings halal sont id\u00e9ales pour ceux qui recherchent un petit coup de [&hellip;]<\/p>\n","protected":false},"author":1,"featured_media":0,"parent":0,"menu_order":0,"comment_status":"closed","ping_status":"closed","template":"","meta":{"_et_pb_use_builder":"on","_et_pb_old_content":"","_et_gb_content_width":"","footnotes":""},"class_list":["post-686","page","type-page","status-publish","hentry"],"_links":{"self":[{"href":"https:\/\/elma-food.eu\/index.php\/wp-json\/wp\/v2\/pages\/686","targetHints":{"allow":["GET"]}}],"collection":[{"href":"https:\/\/elma-food.eu\/index.php\/wp-json\/wp\/v2\/pages"}],"about":[{"href":"https:\/\/elma-food.eu\/index.php\/wp-json\/wp\/v2\/types\/page"}],"author":[{"embeddable":true,"href":"https:\/\/elma-food.eu\/index.php\/wp-json\/wp\/v2\/users\/1"}],"replies":[{"embeddable":true,"href":"https:\/\/elma-food.eu\/index.php\/wp-json\/wp\/v2\/comments?post=686"}],"version-history":[{"count":4,"href":"https:\/\/elma-food.eu\/index.php\/wp-json\/wp\/v2\/pages\/686\/revisions"}],"predecessor-version":[{"id":693,"href":"https:\/\/elma-food.eu\/index.php\/wp-json\/wp\/v2\/pages\/686\/revisions\/693"}],"wp:attachment":[{"href":"https:\/\/elma-food.eu\/index.php\/wp-json\/wp\/v2\/media?parent=686"}],"curies":[{"name":"wp","href":"https:\/\/api.w.org\/{rel}","templated":true}]}}