{"id":716,"date":"2024-10-22T16:49:46","date_gmt":"2024-10-22T14:49:46","guid":{"rendered":"https:\/\/elma-food.eu\/?page_id=716"},"modified":"2024-10-22T16:49:46","modified_gmt":"2024-10-22T14:49:46","slug":"gamme-poulet","status":"publish","type":"page","link":"https:\/\/elma-food.eu\/index.php\/gamme-poulet\/","title":{"rendered":"Gamme poulet"},"content":{"rendered":"<p>[et_pb_section fb_built=\u00a0\u00bb1&Prime; admin_label=\u00a0\u00bbHeader\u00a0\u00bb _builder_version=\u00a0\u00bb4.24.2&Prime; _module_preset=\u00a0\u00bbdefault\u00a0\u00bb custom_padding=\u00a0\u00bb1px||0px||false|false\u00a0\u00bb collapsed=\u00a0\u00bbon\u00a0\u00bb global_colors_info=\u00a0\u00bb{}\u00a0\u00bb][\/et_pb_section][et_pb_section fb_built=\u00a0\u00bb1&Prime; admin_label=\u00a0\u00bbHeader\u00a0\u00bb _builder_version=\u00a0\u00bb4.27.2&Prime; _module_preset=\u00a0\u00bbdefault\u00a0\u00bb use_background_color_gradient=\u00a0\u00bbon\u00a0\u00bb background_color_gradient_stops=\u00a0\u00bbrgba(0,0,0,0.7) 0%|rgba(0,0,0,0.7) 100%\u00a0\u00bb background_color_gradient_overlays_image=\u00a0\u00bbon\u00a0\u00bb background_image=\u00a0\u00bbhttps:\/\/elma-food.eu\/wp-content\/uploads\/2024\/09\/Design-sans-titre-2.png\u00a0\u00bb custom_margin=\u00a0\u00bb-90px|||||\u00a0\u00bb collapsed=\u00a0\u00bbon\u00a0\u00bb global_colors_info=\u00a0\u00bb{}\u00a0\u00bb][et_pb_row _builder_version=\u00a0\u00bb4.24.2&Prime; _module_preset=\u00a0\u00bbdefault\u00a0\u00bb max_width=\u00a0\u00bb800px\u00a0\u00bb global_colors_info=\u00a0\u00bb{}\u00a0\u00bb][et_pb_column type=\u00a0\u00bb4_4&Prime; _builder_version=\u00a0\u00bb4.23.2&Prime; _module_preset=\u00a0\u00bbdefault\u00a0\u00bb global_colors_info=\u00a0\u00bb{}\u00a0\u00bb][et_pb_text _builder_version=\u00a0\u00bb4.23.2&Prime; _module_preset=\u00a0\u00bbe3427238-c36c-45fa-9e64-b5ef902f322c\u00a0\u00bb header_text_color=\u00a0\u00bb#FFFFFF\u00a0\u00bb text_orientation=\u00a0\u00bbcenter\u00a0\u00bb custom_margin=\u00a0\u00bb||10px||false|false\u00a0\u00bb global_colors_info=\u00a0\u00bb{}\u00a0\u00bb]<\/p>\n<h1><span style=\"font-size: 14px; color: #666666; font-family: 'Open Sans', Arial, sans-serif; font-weight: 500;\"><\/span><\/h1>\n<h1><span style=\"font-size: 14px; color: #666666; font-family: 'Open Sans', Arial, sans-serif; font-weight: 500;\"><\/span><\/h1>\n<h1><\/h1>\n<h1><\/h1>\n<h1><\/h1>\n<h1><\/h1>\n<h1><span style=\"font-size: 72px;\">Gamme poulet<\/span><\/h1>\n<p>&nbsp;<\/p>\n<p>[\/et_pb_text][\/et_pb_column][\/et_pb_row][\/et_pb_section][et_pb_section fb_built=\u00a0\u00bb1&Prime; admin_label=\u00a0\u00bbAbout\u00a0\u00bb _builder_version=\u00a0\u00bb4.23.2&Prime; _module_preset=\u00a0\u00bbdefault\u00a0\u00bb collapsed=\u00a0\u00bbon\u00a0\u00bb global_colors_info=\u00a0\u00bb{}\u00a0\u00bb][et_pb_row column_structure=\u00a0\u00bb1_2,1_2&Prime; _builder_version=\u00a0\u00bb4.24.2&Prime; _module_preset=\u00a0\u00bbdefault\u00a0\u00bb global_colors_info=\u00a0\u00bb{}\u00a0\u00bb][et_pb_column type=\u00a0\u00bb1_2&Prime; _builder_version=\u00a0\u00bb4.24.2&Prime; _module_preset=\u00a0\u00bbdefault\u00a0\u00bb custom_padding=\u00a0\u00bb10%||10%||true|false\u00a0\u00bb custom_padding_tablet=\u00a0\u00bb0%||0%||true|false\u00a0\u00bb custom_padding_phone=\u00a0\u00bb0%||0%||true|false\u00a0\u00bb custom_padding_last_edited=\u00a0\u00bbon|desktop\u00a0\u00bb global_colors_info=\u00a0\u00bb{}\u00a0\u00bb][et_pb_text _builder_version=\u00a0\u00bb4.23.2&Prime; _module_preset=\u00a0\u00bb4eba838c-f05d-4fce-97c7-1c95afa77bc2&Prime; custom_margin=\u00a0\u00bb||10px||false|false\u00a0\u00bb global_colors_info=\u00a0\u00bb{}\u00a0\u00bb]<\/p>\n<h2>Des produits de volaille halal et savoureux<\/h2>\n<p>[\/et_pb_text][et_pb_text _builder_version=\u00a0\u00bb4.24.2&Prime; _module_preset=\u00a0\u00bb5fa5c39a-e87e-4cba-b4aa-5783c0b9d80b\u00a0\u00bb global_colors_info=\u00a0\u00bb{}\u00a0\u00bb]<\/p>\n<p style=\"text-align: justify;\">Chez Elma, nous avons \u00e0 c\u0153ur de vous offrir des produits de volaille savoureux et de qualit\u00e9. Notre gamme se compose de d\u00e9licieuses options qui raviront les amateurs de poulet :<\/p>\n<p style=\"text-align: justify;\"><strong>Cordons de volaille<\/strong> : Ces morceaux de poulet tendres et croustillants sont parfaitement pan\u00e9s pour une exp\u00e9rience gourmande. Id\u00e9als pour un repas en famille ou un d\u00eener entre amis, ils se marient parfaitement avec vos sauces pr\u00e9f\u00e9r\u00e9es.<\/p>\n<p style=\"text-align: justify;\"><strong>Tenders de filet de poulet<\/strong> : Succulents et juteux, nos tenders sont parfaits pour les petites faims ou les grandes occasions. Faciles \u00e0 pr\u00e9parer, ils sont le choix id\u00e9al pour un encas rapide ou un plat principal savoureux.<\/p>\n<p style=\"text-align: justify;\"><strong>Wings pan\u00e9s spicy :<\/strong> Pour les amateurs de sensations fortes, nos ailes de poulet \u00e9pic\u00e9es sont un incontournable. Pan\u00e9es et assaisonn\u00e9es avec soin, elles vous offriront une explosion de saveurs \u00e0 chaque bouch\u00e9e.<\/p>\n<p style=\"text-align: justify;\">Avec la gamme de poulet Elma, vous \u00eates assur\u00e9 de r\u00e9galer vos papilles avec des produits de qualit\u00e9, simples \u00e0 pr\u00e9parer et toujours d\u00e9licieux. Faites le plein de saveurs avec Elma !<\/p>\n<p>[\/et_pb_text][\/et_pb_column][et_pb_column type=\u00a0\u00bb1_2&Prime; _builder_version=\u00a0\u00bb4.23.2&Prime; _module_preset=\u00a0\u00bbdefault\u00a0\u00bb global_colors_info=\u00a0\u00bb{}\u00a0\u00bb][et_pb_image src=\u00a0\u00bbhttps:\/\/elma-food.eu\/wp-content\/uploads\/2024\/09\/tenders-site-elma-ambiance-scaled.jpg\u00a0\u00bb title_text=\u00a0\u00bbtenders-site elma-ambiance\u00a0\u00bb _builder_version=\u00a0\u00bb4.27.2&Prime; _module_preset=\u00a0\u00bbdefault\u00a0\u00bb custom_padding=\u00a0\u00bb158px|||||\u00a0\u00bb global_colors_info=\u00a0\u00bb{}\u00a0\u00bb][\/et_pb_image][\/et_pb_column][\/et_pb_row][\/et_pb_section][et_pb_section fb_built=\u00a0\u00bb1&Prime; admin_label=\u00a0\u00bbFooter\u00a0\u00bb _builder_version=\u00a0\u00bb4.24.2&Prime; _module_preset=\u00a0\u00bbdefault\u00a0\u00bb background_color=\u00a0\u00bbgcid-0a70bcaa-1736-40e0-9723-4fb88b8b6694&Prime; saved_tabs=\u00a0\u00bball\u00a0\u00bb collapsed=\u00a0\u00bbon\u00a0\u00bb global_colors_info=\u00a0\u00bb{%22gcid-0a70bcaa-1736-40e0-9723-4fb88b8b6694%22:%91%22background_color%22%93}\u00a0\u00bb][et_pb_row column_structure=\u00a0\u00bb1_2,1_2&Prime; _builder_version=\u00a0\u00bb4.24.2&Prime; _module_preset=\u00a0\u00bbdefault\u00a0\u00bb global_colors_info=\u00a0\u00bb{}\u00a0\u00bb][et_pb_column type=\u00a0\u00bb1_2&Prime; _builder_version=\u00a0\u00bb4.24.2&Prime; _module_preset=\u00a0\u00bbdefault\u00a0\u00bb global_colors_info=\u00a0\u00bb{}\u00a0\u00bb][et_pb_image src=\u00a0\u00bbhttp:\/\/elma-food.eu\/wp-content\/uploads\/2024\/08\/Logo-ELMA-300&#215;225-1.png\u00a0\u00bb alt=\u00a0\u00bblogo elma\u00a0\u00bb title_text=\u00a0\u00bblogo elma\u00a0\u00bb _builder_version=\u00a0\u00bb4.27.0&Prime; _module_preset=\u00a0\u00bbdefault\u00a0\u00bb custom_padding=\u00a0\u00bb||0px|||\u00a0\u00bb global_colors_info=\u00a0\u00bb{}\u00a0\u00bb][\/et_pb_image][\/et_pb_column][et_pb_column type=\u00a0\u00bb1_2&Prime; _builder_version=\u00a0\u00bb4.24.2&Prime; _module_preset=\u00a0\u00bbdefault\u00a0\u00bb global_colors_info=\u00a0\u00bb{}\u00a0\u00bb][et_pb_text _builder_version=\u00a0\u00bb4.27.0&Prime; _module_preset=\u00a0\u00bbdefault\u00a0\u00bb global_colors_info=\u00a0\u00bb{}\u00a0\u00bb]<\/p>\n<h5><span style=\"font-size: 14px; color: #666666;\">\u00a0<\/span><\/h5>\n<h5><span style=\"color: #ffffff;\"><strong><\/strong><\/span><\/h5>\n<h5><span style=\"color: #ffffff;\"><strong><\/strong><\/span><\/h5>\n<h5><span style=\"color: #ffffff;\"><strong><\/strong><\/span><\/h5>\n<h5><span style=\"color: #ffffff;\"><strong><\/strong><\/span><\/h5>\n<p><span style=\"color: #ffffff;\"><\/span><\/p>\n<p><span style=\"color: #ffffff;\"><\/span><\/p>\n<h5><span style=\"color: #ffffff;\"><strong>Adresse<\/strong><\/span><\/h5>\n<p><span style=\"color: #ffffff;\">ZA Cl\u00e9sud &#8211; <\/span><span style=\"color: #ffffff; font-size: 14px;\">4, rue Comte de la P\u00e9rouse, <\/span><span style=\"color: #ffffff;\">13140 Miramas<\/span><\/p>\n<h5><span style=\"color: #ffffff;\"><strong>Contact<\/strong><\/span><\/h5>\n<p><span style=\"color: #ffffff;\">contact@elma-food.com<\/span><\/p>\n<p><span style=\"color: #ffffff;\"><\/span><\/p>\n<p>[\/et_pb_text][\/et_pb_column][\/et_pb_row][et_pb_row _builder_version=\u00a0\u00bb4.25.0&Prime; _module_preset=\u00a0\u00bbdefault\u00a0\u00bb custom_margin=\u00a0\u00bb||||false|false\u00a0\u00bb custom_padding=\u00a0\u00bb20px||||false|false\u00a0\u00bb border_color_all=\u00a0\u00bbrgba(255,255,255,0.24)\u00a0\u00bb border_width_top=\u00a0\u00bb1px\u00a0\u00bb global_colors_info=\u00a0\u00bb{}\u00a0\u00bb][et_pb_column type=\u00a0\u00bb4_4&Prime; _builder_version=\u00a0\u00bb4.23.2&Prime; _module_preset=\u00a0\u00bbdefault\u00a0\u00bb global_colors_info=\u00a0\u00bb{}\u00a0\u00bb][et_pb_text _builder_version=\u00a0\u00bb4.27.0&Prime; _dynamic_attributes=\u00a0\u00bbcontent\u00a0\u00bb _module_preset=\u00a0\u00bb314b2b92-334c-4c28-9d39-abeb78af180b\u00a0\u00bb text_text_color=\u00a0\u00bb#FFFFFF\u00a0\u00bb text_orientation=\u00a0\u00bbcenter\u00a0\u00bb global_colors_info=\u00a0\u00bb{}\u00a0\u00bb]@ET-DC@eyJkeW5hbWljIjp0cnVlLCJjb250ZW50IjoiY3VycmVudF9kYXRlIiwic2V0dGluZ3MiOnsiYmVmb3JlIjoiQ29weXJpZ2h0ICZjb3B5OyAiLCJhZnRlciI6IiBFbG1hLiBBbGwgUmlnaHRzIFJlc2VydmVkLiIsImRhdGVfZm9ybWF0IjoiY3VzdG9tIiwiY3VzdG9tX2RhdGVfZm9ybWF0IjoiWSJ9fQ==@[\/et_pb_text][\/et_pb_column][\/et_pb_row][\/et_pb_section]<\/p>\n","protected":false},"excerpt":{"rendered":"<p>Gamme poulet &nbsp;Des produits de volaille halal et savoureuxChez Elma, nous avons \u00e0 c\u0153ur de vous offrir des produits de volaille savoureux et de qualit\u00e9. Notre gamme se compose de d\u00e9licieuses options qui raviront les amateurs de poulet : Cordons de volaille : Ces morceaux de poulet tendres et croustillants sont parfaitement pan\u00e9s pour une [&hellip;]<\/p>\n","protected":false},"author":1,"featured_media":0,"parent":0,"menu_order":0,"comment_status":"closed","ping_status":"closed","template":"","meta":{"_et_pb_use_builder":"on","_et_pb_old_content":"","_et_gb_content_width":"","footnotes":""},"class_list":["post-716","page","type-page","status-publish","hentry"],"_links":{"self":[{"href":"https:\/\/elma-food.eu\/index.php\/wp-json\/wp\/v2\/pages\/716","targetHints":{"allow":["GET"]}}],"collection":[{"href":"https:\/\/elma-food.eu\/index.php\/wp-json\/wp\/v2\/pages"}],"about":[{"href":"https:\/\/elma-food.eu\/index.php\/wp-json\/wp\/v2\/types\/page"}],"author":[{"embeddable":true,"href":"https:\/\/elma-food.eu\/index.php\/wp-json\/wp\/v2\/users\/1"}],"replies":[{"embeddable":true,"href":"https:\/\/elma-food.eu\/index.php\/wp-json\/wp\/v2\/comments?post=716"}],"version-history":[{"count":5,"href":"https:\/\/elma-food.eu\/index.php\/wp-json\/wp\/v2\/pages\/716\/revisions"}],"predecessor-version":[{"id":735,"href":"https:\/\/elma-food.eu\/index.php\/wp-json\/wp\/v2\/pages\/716\/revisions\/735"}],"wp:attachment":[{"href":"https:\/\/elma-food.eu\/index.php\/wp-json\/wp\/v2\/media?parent=716"}],"curies":[{"name":"wp","href":"https:\/\/api.w.org\/{rel}","templated":true}]}}